{"id":190,"date":"2026-02-23T07:06:51","date_gmt":"2026-02-23T07:06:51","guid":{"rendered":"https:\/\/worldlanguage.com.mx\/?post_type=product&#038;p=190"},"modified":"2026-02-23T07:11:29","modified_gmt":"2026-02-23T07:11:29","slug":"plan-emprendedor-ideal-para-iniciar","status":"publish","type":"product","link":"https:\/\/worldlanguage.com.mx\/en\/product\/plan-emprendedor-ideal-para-iniciar\/","title":{"rendered":"Plan Emprendedor (Ideal para iniciar)"},"content":{"rendered":"","protected":false},"excerpt":{"rendered":"<ul>\n<li><strong>Volumen:<\/strong> 500 palabras.<\/li>\n<li><strong>Palabra extra:<\/strong> $0.50 MXN.<\/li>\n<li><strong>Idiomas:<\/strong> 1 language.<\/li>\n<li><strong>Caracter\u00edsticas:<\/strong> Traducci\u00f3n humana asistida, creaci\u00f3n de un glosario b\u00e1sico de marca y soporte por correo electr\u00f3nico.<\/li>\n<\/ul>","protected":false},"featured_media":14,"template":"","meta":{"_acf_changed":false},"product_brand":[],"product_cat":[19],"product_tag":[],"class_list":{"0":"post-190","1":"product","2":"type-product","3":"status-publish","4":"has-post-thumbnail","6":"product_cat-planes-de-traduccion","8":"first","9":"instock","10":"virtual","11":"taxable","12":"purchasable","13":"product-type-simple"},"acf":[],"_links":{"self":[{"href":"https:\/\/worldlanguage.com.mx\/en\/wp-json\/wp\/v2\/product\/190","targetHints":{"allow":["GET"]}}],"collection":[{"href":"https:\/\/worldlanguage.com.mx\/en\/wp-json\/wp\/v2\/product"}],"about":[{"href":"https:\/\/worldlanguage.com.mx\/en\/wp-json\/wp\/v2\/types\/product"}],"wp:featuredmedia":[{"embeddable":true,"href":"https:\/\/worldlanguage.com.mx\/en\/wp-json\/wp\/v2\/media\/14"}],"wp:attachment":[{"href":"https:\/\/worldlanguage.com.mx\/en\/wp-json\/wp\/v2\/media?parent=190"}],"wp:term":[{"taxonomy":"product_brand","embeddable":true,"href":"https:\/\/worldlanguage.com.mx\/en\/wp-json\/wp\/v2\/product_brand?post=190"},{"taxonomy":"product_cat","embeddable":true,"href":"https:\/\/worldlanguage.com.mx\/en\/wp-json\/wp\/v2\/product_cat?post=190"},{"taxonomy":"product_tag","embeddable":true,"href":"https:\/\/worldlanguage.com.mx\/en\/wp-json\/wp\/v2\/product_tag?post=190"}],"curies":[{"name":"wp","href":"https:\/\/api.w.org\/{rel}","templated":true}]}}